{"id":8,"date":"2023-10-25T12:50:53","date_gmt":"2023-10-25T12:50:53","guid":{"rendered":"https:\/\/urkonpvc.com.tr\/?page_id=8"},"modified":"2023-11-05T22:29:31","modified_gmt":"2023-11-05T22:29:31","slug":"hakkimizda","status":"publish","type":"page","link":"https:\/\/urkonpvc.com.tr\/?page_id=8","title":{"rendered":"Hakk\u0131m\u0131zda"},"content":{"rendered":"\n<div class=\"wp-block-group alignfull has-background-secondary-background-color has-background is-layout-flow wp-block-group-is-layout-flow\" style=\"padding-top:6vw;padding-right:6vw;padding-bottom:6vw;padding-left:6vw\">\n<div class=\"wp-block-group is-vertical is-nowrap is-layout-flex wp-container-core-group-layout-1 wp-block-group-is-layout-flex\" style=\"padding-right:0;padding-left:0\">\n<p class=\"has-text-color\" style=\"color:#000000;font-size:6vw;font-style:normal;font-weight:700;letter-spacing:0px;line-height:0.9;text-decoration:none;text-transform:none\">Biz Kimiz ?<\/p>\n<\/div>\n\n\n\n<div style=\"height:1vw\" aria-hidden=\"true\" class=\"wp-block-spacer\"><\/div>\n\n\n\n<div class=\"wp-block-group alignwide is-vertical is-nowrap is-layout-flex wp-container-core-group-layout-2 wp-block-group-is-layout-flex\" style=\"padding-top:0;padding-right:0;padding-bottom:0;padding-left:0\">\n<div class=\"wp-block-columns alignwide is-layout-flex wp-container-core-columns-layout-1 wp-block-columns-is-layout-flex\">\n<div class=\"wp-block-column is-layout-flow wp-block-column-is-layout-flow\" style=\"flex-basis:33.38%\">\n<p class=\"has-background\" id=\"block-4fca9aff-3947-475e-8379-f4affe397d46\" style=\"background-color:#ffffff00\">ASA\u015e Plastik Grubu Bayisi Urkon olarak, plastik \u00fcr\u00fcnlerin en kaliteli ve yenilik\u00e7i \u00e7\u00f6z\u00fcmlerini sunan bir ekibiz. Sundu\u011fumuz \u00fcr\u00fcnler ve hizmetler, y\u0131llar\u0131n deneyimi ve m\u00fckemmeliyeti ile birle\u015ferek i\u015fletmenizin\/evinizin ihtiya\u00e7lar\u0131n\u0131 kar\u015f\u0131lamak i\u00e7in tasarlanm\u0131\u015ft\u0131r.<\/p>\n<\/div>\n\n\n\n<div class=\"wp-block-column is-layout-flow wp-block-column-is-layout-flow\" style=\"flex-basis:33%\">\n<figure class=\"wp-block-image size-large\"><img loading=\"lazy\" decoding=\"async\" width=\"517\" height=\"340\" src=\"https:\/\/urkonpvc.com.tr\/wp-content\/uploads\/2023\/10\/Ekran-goruntusu-2023-10-26-000946.png\" alt=\"\" class=\"wp-image-38\" srcset=\"https:\/\/urkonpvc.com.tr\/wp-content\/uploads\/2023\/10\/Ekran-goruntusu-2023-10-26-000946.png 517w, https:\/\/urkonpvc.com.tr\/wp-content\/uploads\/2023\/10\/Ekran-goruntusu-2023-10-26-000946-300x197.png 300w\" sizes=\"(max-width: 517px) 100vw, 517px\" \/><\/figure>\n<\/div>\n\n\n\n<div class=\"wp-block-column is-vertically-aligned-center is-layout-flow wp-block-column-is-layout-flow\" style=\"flex-basis:33.62%\">\n<figure class=\"wp-block-image size-full\"><img loading=\"lazy\" decoding=\"async\" width=\"460\" height=\"303\" src=\"https:\/\/urkonpvc.com.tr\/wp-content\/uploads\/2023\/10\/Ekran-goruntusu-2023-10-26-000918.png\" alt=\"\" class=\"wp-image-40\" srcset=\"https:\/\/urkonpvc.com.tr\/wp-content\/uploads\/2023\/10\/Ekran-goruntusu-2023-10-26-000918.png 460w, https:\/\/urkonpvc.com.tr\/wp-content\/uploads\/2023\/10\/Ekran-goruntusu-2023-10-26-000918-300x198.png 300w\" sizes=\"(max-width: 460px) 100vw, 460px\" \/><\/figure>\n<\/div>\n<\/div>\n\n\n\n<div class=\"wp-block-columns are-vertically-aligned-center is-layout-flex wp-container-core-columns-layout-2 wp-block-columns-is-layout-flex\">\n<div class=\"wp-block-column is-vertically-aligned-center is-layout-flow wp-block-column-is-layout-flow\" style=\"flex-basis:100%\">\n<p class=\"has-background\" id=\"block-4fca9aff-3947-475e-8379-f4affe397d46\" style=\"background-color:#ffffff00\"><strong>Misyonumuz<\/strong><br><br>M\u00fc\u015fterilerimize \u00e7e\u015fitli end\u00fcstrilerde ihtiya\u00e7 duyduklar\u0131 plastik \u00fcr\u00fcnlerde en iyi \u00e7\u00f6z\u00fcmleri sunmay\u0131 hedefleriz. Sekt\u00f6r lideri \u00fcr\u00fcnlerimiz ve profesyonel hizmetlerimizle, m\u00fc\u015fterilerimizin ba\u015far\u0131lar\u0131n\u0131 desteklemek i\u00e7in buraday\u0131z.<br><br><strong>Vizyonumuz<\/strong><br><br>Amac\u0131m\u0131z plastik \u00fcr\u00fcnlerin tasar\u0131m\u0131ndan \u00fcretimine kadar her ad\u0131mda s\u00fcrd\u00fcr\u00fclebilirli\u011fi ve yenilik\u00e7ili\u011fi te\u015fvik etmektir. M\u00fc\u015fterilerimize en son teknoloji ve \u00e7evre dostu \u00fcr\u00fcnler sunarak gelecek nesillere daha iyi bir d\u00fcnya b\u0131rakmaya katk\u0131da bulunuyoruz.<br><\/p>\n\n\n\n<div class=\"wp-block-media-text alignwide has-media-on-the-right is-stacked-on-mobile\" style=\"grid-template-columns:auto 45%\"><div class=\"wp-block-media-text__content\">\n<p class=\"has-background\" id=\"block-4fca9aff-3947-475e-8379-f4affe397d46\" style=\"background-color:#ffffff00\"><strong>Neden Bize G\u00fcvenmelisiniz?<\/strong><br><br>Kalite: Urkon olarak, en kaliteli malzemeleri ve \u00fcr\u00fcnleri sunmak i\u00e7in \u00e7al\u0131\u015f\u0131yoruz. \u00dcr\u00fcnlerimiz dayan\u0131kl\u0131, g\u00fcvenilir ve performans odakl\u0131d\u0131r.<br><br>M\u00fc\u015fteri Memnuniyeti: M\u00fc\u015fterilerimizin memnuniyeti bizim i\u00e7in her zaman \u00f6nceliktir. Size \u00f6zel \u00e7\u00f6z\u00fcmler sunmak ve ihtiya\u00e7lar\u0131n\u0131za uygun \u00fcr\u00fcnler se\u00e7menize yard\u0131mc\u0131 olmak i\u00e7in buraday\u0131z.<\/p>\n<\/div><figure class=\"wp-block-media-text__media\"><img loading=\"lazy\" decoding=\"async\" width=\"517\" height=\"346\" src=\"https:\/\/urkonpvc.com.tr\/wp-content\/uploads\/2023\/10\/Ekran-goruntusu-2023-10-26-002850.png\" alt=\"\" class=\"wp-image-41 size-full\" srcset=\"https:\/\/urkonpvc.com.tr\/wp-content\/uploads\/2023\/10\/Ekran-goruntusu-2023-10-26-002850.png 517w, https:\/\/urkonpvc.com.tr\/wp-content\/uploads\/2023\/10\/Ekran-goruntusu-2023-10-26-002850-300x201.png 300w\" sizes=\"(max-width: 517px) 100vw, 517px\" \/><\/figure><\/div>\n<\/div>\n<\/div>\n<\/div>\n\n\n\n<div class=\"wp-block-media-text alignwide is-stacked-on-mobile\"><figure class=\"wp-block-media-text__media\"><img loading=\"lazy\" decoding=\"async\" width=\"445\" height=\"291\" src=\"https:\/\/urkonpvc.com.tr\/wp-content\/uploads\/2023\/10\/Ekran-goruntusu-2023-10-26-002834.png\" alt=\"\" class=\"wp-image-46 size-full\" srcset=\"https:\/\/urkonpvc.com.tr\/wp-content\/uploads\/2023\/10\/Ekran-goruntusu-2023-10-26-002834.png 445w, https:\/\/urkonpvc.com.tr\/wp-content\/uploads\/2023\/10\/Ekran-goruntusu-2023-10-26-002834-300x196.png 300w\" sizes=\"(max-width: 445px) 100vw, 445px\" \/><\/figure><div class=\"wp-block-media-text__content\">\n<p class=\"has-background\" id=\"block-4fca9aff-3947-475e-8379-f4affe397d46\" style=\"background-color:#ffffff00\">Deneyim: ASA\u015e Plastik Grubu&#8217;nun uzun y\u0131llara dayanan deneyimini, plastik end\u00fcstrisinde Urkon olarak size en iyi hizmeti sunmak i\u00e7in kullan\u0131yoruz.<br><br>\u00c7evre Duyarl\u0131l\u0131\u011f\u0131: Plastik \u00fcr\u00fcnlerin s\u00fcrd\u00fcr\u00fclebilirli\u011fini te\u015fvik ediyor ve \u00e7evre dostu alternatifler sunuyoruz. S\u00fcrd\u00fcr\u00fclebilirlik bizim i\u00e7in \u00f6nemlidir.<br><br>Profesyonellik: Uzman ekibimiz, ihtiya\u00e7lar\u0131n\u0131za y\u00f6nelik do\u011fru \u00e7\u00f6z\u00fcmleri sa\u011flamak i\u00e7in s\u00fcrekli e\u011fitim al\u0131r ve g\u00fcncel end\u00fcstri trendlerini takip eder.<\/p>\n<\/div><\/div>\n\n\n\n<p class=\"has-background\" id=\"block-4fca9aff-3947-475e-8379-f4affe397d46\" style=\"background-color:#ffffff00\">Biz Urkon olarak, sizinle i\u015f birli\u011fi yapmaktan ve plastik \u00fcr\u00fcnlerle ilgili ihtiya\u00e7lar\u0131n\u0131za \u00e7\u00f6z\u00fcm sunmaktan mutluluk duyuyoruz. Daha fazla bilgi almak, \u00fcr\u00fcnlerimizi ke\u015ffetmek veya sorular\u0131n\u0131z\u0131 sormak i\u00e7in bizimle ileti\u015fime ge\u00e7mekten \u00e7ekinmeyin. Size en iyi hizmeti sunmak i\u00e7in buraday\u0131z.<\/p>\n<\/div>\n","protected":false},"excerpt":{"rendered":"<p>Biz Kimiz ? ASA\u015e Plastik Grubu Bayisi Urkon olarak, plastik \u00fcr\u00fcnlerin en kaliteli ve yenilik\u00e7i [&hellip;]<\/p>\n","protected":false},"author":1,"featured_media":0,"parent":0,"menu_order":0,"comment_status":"closed","ping_status":"closed","template":"","meta":{"om_disable_all_campaigns":false,"_monsterinsights_skip_tracking":false,"_monsterinsights_sitenote_active":false,"_monsterinsights_sitenote_note":"","_monsterinsights_sitenote_category":0,"footnotes":""},"aioseo_notices":[],"_links":{"self":[{"href":"https:\/\/urkonpvc.com.tr\/index.php?rest_route=\/wp\/v2\/pages\/8"}],"collection":[{"href":"https:\/\/urkonpvc.com.tr\/index.php?rest_route=\/wp\/v2\/pages"}],"about":[{"href":"https:\/\/urkonpvc.com.tr\/index.php?rest_route=\/wp\/v2\/types\/page"}],"author":[{"embeddable":true,"href":"https:\/\/urkonpvc.com.tr\/index.php?rest_route=\/wp\/v2\/users\/1"}],"replies":[{"embeddable":true,"href":"https:\/\/urkonpvc.com.tr\/index.php?rest_route=%2Fwp%2Fv2%2Fcomments&post=8"}],"version-history":[{"count":20,"href":"https:\/\/urkonpvc.com.tr\/index.php?rest_route=\/wp\/v2\/pages\/8\/revisions"}],"predecessor-version":[{"id":356,"href":"https:\/\/urkonpvc.com.tr\/index.php?rest_route=\/wp\/v2\/pages\/8\/revisions\/356"}],"wp:attachment":[{"href":"https:\/\/urkonpvc.com.tr\/index.php?rest_route=%2Fwp%2Fv2%2Fmedia&parent=8"}],"curies":[{"name":"wp","href":"https:\/\/api.w.org\/{rel}","templated":true}]}}