{"id":25,"date":"2023-10-25T13:45:18","date_gmt":"2023-10-25T13:45:18","guid":{"rendered":"https:\/\/urkonpvc.com.tr\/?page_id=25"},"modified":"2023-11-05T22:32:00","modified_gmt":"2023-11-05T22:32:00","slug":"urunlerimiz","status":"publish","type":"page","link":"https:\/\/urkonpvc.com.tr\/?page_id=25","title":{"rendered":"\u00dcr\u00fcnlerimiz"},"content":{"rendered":"\n<div class=\"wp-block-group has-white-background-color has-background is-layout-constrained wp-block-group-is-layout-constrained\" style=\"border-style:none;border-width:0px;padding-top:80px;padding-right:30px;padding-bottom:80px;padding-left:30px\">\n<div class=\"wp-block-group alignwide is-layout-flow wp-container-core-group-layout-3 wp-block-group-is-layout-flow\" style=\"padding-bottom:30px\">\n<div class=\"wp-block-group is-layout-constrained wp-container-core-group-layout-2 wp-block-group-is-layout-constrained\">\n<div class=\"wp-block-group is-layout-constrained wp-container-core-group-layout-1 wp-block-group-is-layout-constrained\">\n<p class=\"has-foreground-color has-text-color has-large-font-size\"><strong>URKON \u0130LE G\u00dcVENDES\u0130N\u0130Z!<\/strong><\/p>\n\n\n\n<p>Urkon olarak sizlere, geni\u015f bir \u00fcr\u00fcn yelpazesi sunuyoruz. Her bir \u00fcr\u00fcn\u00fcm\u00fcz, y\u00fcksek kalite standartlar\u0131na uyar ve s\u00fcrd\u00fcr\u00fclebilirlik ilkelerini g\u00f6z \u00f6n\u00fcnde bulundurur. Projelerinizi g\u00fc\u00e7lendirmek, enerji verimlili\u011fini art\u0131rmak ve estetik a\u00e7\u0131dan tatmin edici sonu\u00e7lar elde etmek i\u00e7in geni\u015f \u00fcr\u00fcn yelpazemizden faydalanabilirsiniz. Urkon olarak, her zaman m\u00fc\u015fteri memnuniyetini \u00f6n planda tutar ve ihtiya\u00e7lar\u0131n\u0131za \u00f6zel \u00e7\u00f6z\u00fcmler sunar\u0131z. Sizlere hizmet vermek ve projelerinizi daha iyi bir gelece\u011fe ta\u015f\u0131mak i\u00e7in buraday\u0131z.<\/p>\n<\/div>\n<\/div>\n<\/div>\n\n\n\n<div class=\"wp-block-group has-white-background-color has-background is-layout-constrained wp-block-group-is-layout-constrained\" style=\"border-style:none;border-width:0px;padding-top:80px;padding-right:30px;padding-bottom:80px;padding-left:30px\">\n<div class=\"wp-block-group alignwide is-layout-constrained wp-container-core-group-layout-7 wp-block-group-is-layout-constrained\">\n<div class=\"wp-block-media-text alignwide is-stacked-on-mobile has-no-hover-shadow-dark animated animated-fadeInUp\"><figure class=\"wp-block-media-text__media\"><img loading=\"lazy\" decoding=\"async\" width=\"568\" height=\"362\" src=\"https:\/\/urkonpvc.com.tr\/wp-content\/uploads\/2023\/10\/Ekran-goruntusu-2023-10-27-161656.png\" alt=\"\" class=\"wp-image-157 size-full\" srcset=\"https:\/\/urkonpvc.com.tr\/wp-content\/uploads\/2023\/10\/Ekran-goruntusu-2023-10-27-161656.png 568w, https:\/\/urkonpvc.com.tr\/wp-content\/uploads\/2023\/10\/Ekran-goruntusu-2023-10-27-161656-300x191.png 300w\" sizes=\"(max-width: 568px) 100vw, 568px\" \/><\/figure><div class=\"wp-block-media-text__content\">\n<div class=\"wp-block-group is-layout-constrained wp-container-core-group-layout-5 wp-block-group-is-layout-constrained\" style=\"padding-top:var(--wp--preset--spacing--80);padding-right:var(--wp--preset--spacing--50);padding-bottom:var(--wp--preset--spacing--80);padding-left:var(--wp--preset--spacing--50)\">\n<h3 class=\"wp-block-heading has-text-align-left has-large-font-size\" style=\"margin-top:10px;margin-right:10px;margin-bottom:10px;margin-left:10px;font-style:normal;font-weight:600\"><a href=\"https:\/\/urkonpvc.com.tr\/?page_id=167\" data-type=\"page\" data-id=\"167\">Bahar Serisi<\/a> <\/h3>\n\n\n\n<p class=\"has-text-align-left\"><strong>Zorlu hava ko\u015fullar\u0131nda bile g\u00fcvendesiniz!<\/strong><\/p>\n\n\n\n<div class=\"wp-block-group is-nowrap is-layout-flex wp-container-core-group-layout-4 wp-block-group-is-layout-flex\" style=\"line-height:2.1\">\n<ul class=\"gutenify-list-style-five animated animated-fadeInUp fadeInUp\">\n<li>Bahar Serisi 52 mm<\/li>\n<\/ul>\n<\/div>\n\n\n\n<div class=\"wp-block-buttons is-content-justification-left is-layout-flex wp-container-core-buttons-layout-1 wp-block-buttons-is-layout-flex\" style=\"margin-top:20px\">\n<div class=\"wp-block-button is-style-fill\"><a class=\"wp-block-button__link wp-element-button\" href=\"https:\/\/urkonpvc.com.tr\/?page_id=167\">Daha Fazlas\u0131<\/a><\/div>\n<\/div>\n<\/div>\n<\/div><\/div>\n\n\n\n<div class=\"wp-block-media-text alignwide has-media-on-the-right is-stacked-on-mobile has-no-hover-shadow-dark animated animated-fadeInUp\"><div class=\"wp-block-media-text__content\">\n<div class=\"wp-block-group is-layout-constrained wp-container-core-group-layout-6 wp-block-group-is-layout-constrained\" style=\"padding-top:var(--wp--preset--spacing--70);padding-right:var(--wp--preset--spacing--50);padding-bottom:var(--wp--preset--spacing--70);padding-left:var(--wp--preset--spacing--50)\">\n<h3 class=\"wp-block-heading has-text-align-left has-large-font-size\" style=\"margin-top:10px;margin-right:10px;margin-bottom:10px;margin-left:10px\"><a href=\"https:\/\/urkonpvc.com.tr\/?page_id=163\" data-type=\"page\" data-id=\"163\">Denizlik Profilleri<\/a> <\/h3>\n\n\n\n<p class=\"has-text-align-left\"><strong>Unutulmaz anlar\u0131n\u0131za e\u015flik eder.<\/strong><\/p>\n\n\n\n<div class=\"wp-block-buttons is-content-justification-left is-layout-flex wp-container-core-buttons-layout-2 wp-block-buttons-is-layout-flex\" style=\"margin-top:20px\">\n<div class=\"wp-block-button is-style-fill\"><a class=\"wp-block-button__link wp-element-button\" href=\"https:\/\/urkonpvc.com.tr\/?page_id=163\">Daha Fazlas\u0131<\/a><\/div>\n<\/div>\n<\/div>\n<\/div><figure class=\"wp-block-media-text__media\"><img loading=\"lazy\" decoding=\"async\" width=\"466\" height=\"316\" src=\"https:\/\/urkonpvc.com.tr\/wp-content\/uploads\/2023\/10\/Ekran-goruntusu-2023-10-27-161947.png\" alt=\"\" class=\"wp-image-159 size-full\" srcset=\"https:\/\/urkonpvc.com.tr\/wp-content\/uploads\/2023\/10\/Ekran-goruntusu-2023-10-27-161947.png 466w, https:\/\/urkonpvc.com.tr\/wp-content\/uploads\/2023\/10\/Ekran-goruntusu-2023-10-27-161947-300x203.png 300w\" sizes=\"(max-width: 466px) 100vw, 466px\" \/><\/figure><\/div>\n<\/div>\n<\/div>\n\n\n\n<div class=\"wp-block-group alignwide is-layout-constrained wp-container-core-group-layout-15 wp-block-group-is-layout-constrained\">\n<div class=\"wp-block-media-text alignfull is-stacked-on-mobile is-vertically-aligned-center has-no-hover-shadow-dark animated animated-fadeInUp\" style=\"grid-template-columns:56% auto\"><figure class=\"wp-block-media-text__media\"><img loading=\"lazy\" decoding=\"async\" width=\"682\" height=\"378\" src=\"https:\/\/urkonpvc.com.tr\/wp-content\/uploads\/2023\/10\/Ekran-goruntusu-2023-10-26-170509.png\" alt=\"\" class=\"wp-image-102 size-full\" srcset=\"https:\/\/urkonpvc.com.tr\/wp-content\/uploads\/2023\/10\/Ekran-goruntusu-2023-10-26-170509.png 682w, https:\/\/urkonpvc.com.tr\/wp-content\/uploads\/2023\/10\/Ekran-goruntusu-2023-10-26-170509-300x166.png 300w\" sizes=\"(max-width: 682px) 100vw, 682px\" \/><\/figure><div class=\"wp-block-media-text__content\">\n<div class=\"wp-block-group is-layout-constrained wp-container-core-group-layout-10 wp-block-group-is-layout-constrained\" style=\"padding-top:var(--wp--preset--spacing--80);padding-right:var(--wp--preset--spacing--50);padding-bottom:var(--wp--preset--spacing--80);padding-left:var(--wp--preset--spacing--50)\">\n<h3 class=\"wp-block-heading has-text-align-left has-large-font-size\" style=\"margin-top:10px;margin-right:10px;margin-bottom:10px;margin-left:10px;font-style:normal;font-weight:600\"><a href=\"https:\/\/urkonpvc.com.tr\/?page_id=140\" data-type=\"page\" data-id=\"140\">Inova Serisi<\/a><\/h3>\n\n\n\n<p class=\"has-text-align-left\"><strong>Maximum yal\u0131t\u0131m ve s\u0131zd\u0131rmazl\u0131k.<\/strong><\/p>\n\n\n\n<div class=\"wp-block-group is-nowrap is-layout-flex wp-container-core-group-layout-9 wp-block-group-is-layout-flex\" style=\"line-height:2.1\">\n<ul class=\"gutenify-list-style-five animated animated-fadeInUp fadeInUp\">\n<li>Inova 76mm<\/li>\n\n\n\n<li>Inova Orta Contal\u0131<\/li>\n\n\n\n<li>Inova S\u00fcrme Sistemi<\/li>\n<\/ul>\n<\/div>\n\n\n\n<div class=\"wp-block-buttons is-content-justification-left is-layout-flex wp-container-core-buttons-layout-3 wp-block-buttons-is-layout-flex\" style=\"margin-top:20px\">\n<div class=\"wp-block-button is-style-fill\"><a class=\"wp-block-button__link wp-element-button\" href=\"https:\/\/urkonpvc.com.tr\/?page_id=140\">Daha Fazlas\u0131<\/a><\/div>\n<\/div>\n<\/div>\n<\/div><\/div>\n\n\n\n<div class=\"wp-block-media-text alignwide has-media-on-the-right is-stacked-on-mobile has-no-hover-shadow-dark animated animated-fadeInUp\" style=\"grid-template-columns:auto 45%\"><div class=\"wp-block-media-text__content\">\n<div class=\"wp-block-group is-layout-constrained wp-container-core-group-layout-12 wp-block-group-is-layout-constrained\" style=\"padding-top:var(--wp--preset--spacing--70);padding-right:var(--wp--preset--spacing--50);padding-bottom:var(--wp--preset--spacing--70);padding-left:var(--wp--preset--spacing--50)\">\n<h3 class=\"wp-block-heading has-text-align-left has-large-font-size\" style=\"margin-top:10px;margin-right:10px;margin-bottom:10px;margin-left:10px\"><a href=\"https:\/\/urkonpvc.com.tr\/?page_id=138\" data-type=\"page\" data-id=\"138\">Maxi Serisi<\/a><\/h3>\n\n\n\n<p class=\"has-text-align-left\"><strong>Konforunuz i\u00e7in modern, ferah alanlar yarat\u0131r.<\/strong><\/p>\n\n\n\n<div class=\"wp-block-group is-nowrap is-layout-flex wp-container-core-group-layout-11 wp-block-group-is-layout-flex\" style=\"line-height:2.1\">\n<ul class=\"gutenify-list-style-five animated animated-fadeInUp fadeInUp\">\n<li>Maxi Royal 70mm<\/li>\n\n\n\n<li>Maxi Plus 80 mm<\/li>\n\n\n\n<li>Maxi Empire 120 mm<\/li>\n\n\n\n<li>Maxi Riviera 105-125-165 mm<\/li>\n\n\n\n<li>Maxi Majestic 70 mm<\/li>\n<\/ul>\n<\/div>\n\n\n\n<div class=\"wp-block-buttons is-content-justification-left is-layout-flex wp-container-core-buttons-layout-4 wp-block-buttons-is-layout-flex\" style=\"margin-top:20px\">\n<div class=\"wp-block-button is-style-fill\"><a class=\"wp-block-button__link wp-element-button\" href=\"https:\/\/urkonpvc.com.tr\/?page_id=138\">Daha Fazlas\u0131<\/a><\/div>\n<\/div>\n<\/div>\n<\/div><figure class=\"wp-block-media-text__media\"><img loading=\"lazy\" decoding=\"async\" width=\"666\" height=\"367\" src=\"https:\/\/urkonpvc.com.tr\/wp-content\/uploads\/2023\/10\/Ekran-goruntusu-2023-10-26-171440.png\" alt=\"\" class=\"wp-image-104 size-full\" srcset=\"https:\/\/urkonpvc.com.tr\/wp-content\/uploads\/2023\/10\/Ekran-goruntusu-2023-10-26-171440.png 666w, https:\/\/urkonpvc.com.tr\/wp-content\/uploads\/2023\/10\/Ekran-goruntusu-2023-10-26-171440-300x165.png 300w\" sizes=\"(max-width: 666px) 100vw, 666px\" \/><\/figure><\/div>\n\n\n\n<div class=\"wp-block-media-text alignwide is-stacked-on-mobile has-no-hover-shadow-dark animated animated-fadeInUp\"><figure class=\"wp-block-media-text__media\"><img loading=\"lazy\" decoding=\"async\" width=\"572\" height=\"376\" src=\"https:\/\/urkonpvc.com.tr\/wp-content\/uploads\/2023\/10\/Ekran-goruntusu-2023-10-26-172122.png\" alt=\"\" class=\"wp-image-105 size-full\" srcset=\"https:\/\/urkonpvc.com.tr\/wp-content\/uploads\/2023\/10\/Ekran-goruntusu-2023-10-26-172122.png 572w, https:\/\/urkonpvc.com.tr\/wp-content\/uploads\/2023\/10\/Ekran-goruntusu-2023-10-26-172122-300x197.png 300w\" sizes=\"(max-width: 572px) 100vw, 572px\" \/><\/figure><div class=\"wp-block-media-text__content\">\n<div class=\"wp-block-group is-layout-constrained wp-container-core-group-layout-14 wp-block-group-is-layout-constrained\" style=\"padding-top:var(--wp--preset--spacing--80);padding-right:var(--wp--preset--spacing--50);padding-bottom:var(--wp--preset--spacing--80);padding-left:var(--wp--preset--spacing--50)\">\n<h3 class=\"wp-block-heading has-text-align-left has-large-font-size\" style=\"margin-top:10px;margin-right:10px;margin-bottom:10px;margin-left:10px\"><a href=\"https:\/\/urkonpvc.com.tr\/?page_id=142\" data-type=\"page\" data-id=\"142\">Diamond Serisi <\/a><\/h3>\n\n\n\n<p class=\"has-text-align-left\"><strong>G\u00fcvenli\u011finiz i\u00e7in ideal \u00e7\u00f6z\u00fcm<\/strong>.<\/p>\n\n\n\n<div class=\"wp-block-group is-nowrap is-layout-flex wp-container-core-group-layout-13 wp-block-group-is-layout-flex\" style=\"line-height:2.1\">\n<ul class=\"gutenify-list-style-five animated animated-fadeInUp fadeInUp\">\n<li>Diamond Serisi 60 mm<\/li>\n<\/ul>\n<\/div>\n\n\n\n<div class=\"wp-block-buttons is-content-justification-left is-layout-flex wp-container-core-buttons-layout-5 wp-block-buttons-is-layout-flex\" style=\"margin-top:20px\">\n<div class=\"wp-block-button is-style-fill\"><a class=\"wp-block-button__link wp-element-button\" href=\"https:\/\/urkonpvc.com.tr\/?page_id=142\">Daha Fazlas\u0131<\/a><\/div>\n<\/div>\n<\/div>\n<\/div><\/div>\n<\/div>\n\n\n\n<div class=\"wp-block-group has-white-background-color has-background is-layout-constrained wp-block-group-is-layout-constrained\" style=\"border-style:none;border-width:0px;padding-top:80px;padding-right:30px;padding-bottom:80px;padding-left:30px\">\n<div class=\"wp-block-group alignwide is-layout-constrained wp-container-core-group-layout-22 wp-block-group-is-layout-constrained\">\n<div class=\"wp-block-media-text alignwide is-stacked-on-mobile has-no-hover-shadow-dark animated animated-fadeInUp\"><figure class=\"wp-block-media-text__media\"><img loading=\"lazy\" decoding=\"async\" width=\"558\" height=\"372\" src=\"https:\/\/urkonpvc.com.tr\/wp-content\/uploads\/2023\/10\/Ekran-goruntusu-2023-10-26-173013.png\" alt=\"\" class=\"wp-image-108 size-full\" srcset=\"https:\/\/urkonpvc.com.tr\/wp-content\/uploads\/2023\/10\/Ekran-goruntusu-2023-10-26-173013.png 558w, https:\/\/urkonpvc.com.tr\/wp-content\/uploads\/2023\/10\/Ekran-goruntusu-2023-10-26-173013-300x200.png 300w\" sizes=\"(max-width: 558px) 100vw, 558px\" \/><\/figure><div class=\"wp-block-media-text__content\">\n<div class=\"wp-block-group is-layout-constrained wp-container-core-group-layout-17 wp-block-group-is-layout-constrained\" style=\"padding-top:var(--wp--preset--spacing--80);padding-right:var(--wp--preset--spacing--50);padding-bottom:var(--wp--preset--spacing--80);padding-left:var(--wp--preset--spacing--50)\">\n<h3 class=\"wp-block-heading has-text-align-left has-large-font-size\" style=\"margin-top:10px;margin-right:10px;margin-bottom:10px;margin-left:10px;font-style:normal;font-weight:600\"><a href=\"https:\/\/urkonpvc.com.tr\/?page_id=144\" data-type=\"page\" data-id=\"144\">Elegans Serisi<\/a><\/h3>\n\n\n\n<p class=\"has-text-align-left\"><strong>Sizlere keyifli anlar sunar.<\/strong><\/p>\n\n\n\n<div class=\"wp-block-group is-nowrap is-layout-flex wp-container-core-group-layout-16 wp-block-group-is-layout-flex\" style=\"line-height:2.1\">\n<ul class=\"gutenify-list-style-five animated animated-fadeInUp fadeInUp\">\n<li>Elegans Serisi 60 mm<a href=\"javascript:;\"><\/a><\/li>\n\n\n\n<li>Elegans Serisi 70 mm<\/li>\n<\/ul>\n<\/div>\n\n\n\n<div class=\"wp-block-buttons is-content-justification-left is-layout-flex wp-container-core-buttons-layout-6 wp-block-buttons-is-layout-flex\" style=\"margin-top:20px\">\n<div class=\"wp-block-button is-style-fill\"><a class=\"wp-block-button__link wp-element-button\" href=\"https:\/\/urkonpvc.com.tr\/?page_id=144\">Daha Fazlas\u0131<\/a><\/div>\n<\/div>\n<\/div>\n<\/div><\/div>\n\n\n\n<div class=\"wp-block-media-text alignwide has-media-on-the-right is-stacked-on-mobile has-no-hover-shadow-dark animated animated-fadeInUp\"><div class=\"wp-block-media-text__content\">\n<div class=\"wp-block-group is-layout-constrained wp-container-core-group-layout-19 wp-block-group-is-layout-constrained\" style=\"padding-top:var(--wp--preset--spacing--70);padding-right:var(--wp--preset--spacing--50);padding-bottom:var(--wp--preset--spacing--70);padding-left:var(--wp--preset--spacing--50)\">\n<h3 class=\"wp-block-heading has-text-align-left has-large-font-size\" style=\"margin-top:10px;margin-right:10px;margin-bottom:10px;margin-left:10px\"><a href=\"https:\/\/urkonpvc.com.tr\/?page_id=146\" data-type=\"page\" data-id=\"146\"><strong>Hebe-Schiebe<\/strong><\/a> Sistemler <\/h3>\n\n\n\n<p class=\"has-text-align-left\"><strong>Sevdiklerinizle konforlu alanlar.<\/strong><\/p>\n\n\n\n<div class=\"wp-block-group is-nowrap is-layout-flex wp-container-core-group-layout-18 wp-block-group-is-layout-flex\" style=\"line-height:2.1\">\n<ul class=\"gutenify-list-style-five animated animated-fadeInUp fadeInUp\">\n<li>Hebe-Schiebe<\/li>\n<\/ul>\n<\/div>\n\n\n\n<div class=\"wp-block-buttons is-content-justification-left is-layout-flex wp-container-core-buttons-layout-7 wp-block-buttons-is-layout-flex\" style=\"margin-top:20px\">\n<div class=\"wp-block-button is-style-fill\"><a class=\"wp-block-button__link wp-element-button\" href=\"https:\/\/urkonpvc.com.tr\/?page_id=146\">Daha Fazlas\u0131<\/a><\/div>\n<\/div>\n<\/div>\n<\/div><figure class=\"wp-block-media-text__media\"><img loading=\"lazy\" decoding=\"async\" width=\"490\" height=\"327\" src=\"https:\/\/urkonpvc.com.tr\/wp-content\/uploads\/2023\/10\/Ekran-goruntusu-2023-10-26-172416.png\" alt=\"\" class=\"wp-image-107 size-full\" srcset=\"https:\/\/urkonpvc.com.tr\/wp-content\/uploads\/2023\/10\/Ekran-goruntusu-2023-10-26-172416.png 490w, https:\/\/urkonpvc.com.tr\/wp-content\/uploads\/2023\/10\/Ekran-goruntusu-2023-10-26-172416-300x200.png 300w\" sizes=\"(max-width: 490px) 100vw, 490px\" \/><\/figure><\/div>\n\n\n\n<div class=\"wp-block-media-text alignwide is-stacked-on-mobile has-no-hover-shadow-dark animated animated-fadeInUp\"><figure class=\"wp-block-media-text__media\"><img loading=\"lazy\" decoding=\"async\" width=\"557\" height=\"363\" src=\"https:\/\/urkonpvc.com.tr\/wp-content\/uploads\/2023\/10\/Ekran-goruntusu-2023-10-26-173213.png\" alt=\"\" class=\"wp-image-109 size-full\" srcset=\"https:\/\/urkonpvc.com.tr\/wp-content\/uploads\/2023\/10\/Ekran-goruntusu-2023-10-26-173213.png 557w, https:\/\/urkonpvc.com.tr\/wp-content\/uploads\/2023\/10\/Ekran-goruntusu-2023-10-26-173213-300x196.png 300w\" sizes=\"(max-width: 557px) 100vw, 557px\" \/><\/figure><div class=\"wp-block-media-text__content\">\n<div class=\"wp-block-group is-layout-constrained wp-container-core-group-layout-21 wp-block-group-is-layout-constrained\" style=\"padding-top:var(--wp--preset--spacing--80);padding-right:var(--wp--preset--spacing--50);padding-bottom:var(--wp--preset--spacing--80);padding-left:var(--wp--preset--spacing--50)\">\n<h3 class=\"wp-block-heading has-text-align-left has-large-font-size\" style=\"margin-top:10px;margin-right:10px;margin-bottom:10px;margin-left:10px\"><a href=\"https:\/\/urkonpvc.com.tr\/?page_id=148\" data-type=\"page\" data-id=\"148\">S\u00fcrme Sistemler<\/a><strong> <\/strong><\/h3>\n\n\n\n<p class=\"has-text-align-left\"><strong>S\u0131cak alanlar modern mekanlar&#8230;<\/strong><\/p>\n\n\n\n<div class=\"wp-block-group is-nowrap is-layout-flex wp-container-core-group-layout-20 wp-block-group-is-layout-flex\" style=\"line-height:2.1\">\n<ul class=\"gutenify-list-style-five animated animated-fadeInUp fadeInUp\">\n<li>S\u00fcrme Sistem 74 mm<\/li>\n\n\n\n<li>S\u00fcrme Sistem 70 mm<\/li>\n\n\n\n<li>Compact Kay\u0131tl\u0131 S\u00fcrme 60 mm<\/li>\n<\/ul>\n<\/div>\n\n\n\n<div class=\"wp-block-buttons is-content-justification-left is-layout-flex wp-container-core-buttons-layout-8 wp-block-buttons-is-layout-flex\" style=\"margin-top:20px\">\n<div class=\"wp-block-button is-style-fill\"><a class=\"wp-block-button__link wp-element-button\" href=\"https:\/\/urkonpvc.com.tr\/?page_id=148\">Daha Fazlas\u0131<\/a><\/div>\n<\/div>\n<\/div>\n<\/div><\/div>\n<\/div>\n<\/div>\n<\/div>\n","protected":false},"excerpt":{"rendered":"<p>URKON \u0130LE G\u00dcVENDES\u0130N\u0130Z! Urkon olarak sizlere, geni\u015f bir \u00fcr\u00fcn yelpazesi sunuyoruz. Her bir \u00fcr\u00fcn\u00fcm\u00fcz, y\u00fcksek [&hellip;]<\/p>\n","protected":false},"author":1,"featured_media":0,"parent":0,"menu_order":0,"comment_status":"closed","ping_status":"closed","template":"","meta":{"om_disable_all_campaigns":false,"_monsterinsights_skip_tracking":false,"_monsterinsights_sitenote_active":false,"_monsterinsights_sitenote_note":"","_monsterinsights_sitenote_category":0,"footnotes":""},"aioseo_notices":[],"_links":{"self":[{"href":"https:\/\/urkonpvc.com.tr\/index.php?rest_route=\/wp\/v2\/pages\/25"}],"collection":[{"href":"https:\/\/urkonpvc.com.tr\/index.php?rest_route=\/wp\/v2\/pages"}],"about":[{"href":"https:\/\/urkonpvc.com.tr\/index.php?rest_route=\/wp\/v2\/types\/page"}],"author":[{"embeddable":true,"href":"https:\/\/urkonpvc.com.tr\/index.php?rest_route=\/wp\/v2\/users\/1"}],"replies":[{"embeddable":true,"href":"https:\/\/urkonpvc.com.tr\/index.php?rest_route=%2Fwp%2Fv2%2Fcomments&post=25"}],"version-history":[{"count":12,"href":"https:\/\/urkonpvc.com.tr\/index.php?rest_route=\/wp\/v2\/pages\/25\/revisions"}],"predecessor-version":[{"id":358,"href":"https:\/\/urkonpvc.com.tr\/index.php?rest_route=\/wp\/v2\/pages\/25\/revisions\/358"}],"wp:attachment":[{"href":"https:\/\/urkonpvc.com.tr\/index.php?rest_route=%2Fwp%2Fv2%2Fmedia&parent=25"}],"curies":[{"name":"wp","href":"https:\/\/api.w.org\/{rel}","templated":true}]}}