{"id":163,"date":"2023-10-27T13:21:04","date_gmt":"2023-10-27T13:21:04","guid":{"rendered":"https:\/\/urkonpvc.com.tr\/?page_id=163"},"modified":"2023-10-27T14:10:51","modified_gmt":"2023-10-27T14:10:51","slug":"denizlik-profilleri","status":"publish","type":"page","link":"https:\/\/urkonpvc.com.tr\/?page_id=163","title":{"rendered":"Denizlik Profilleri"},"content":{"rendered":"\n<p class=\"has-foreground-color has-text-color has-large-font-size\"><strong>Denizlik Profilleri<\/strong><\/p>\n\n\n\n<div class=\"wp-block-columns is-layout-flex wp-container-core-columns-layout-1 wp-block-columns-is-layout-flex\">\n<div class=\"wp-block-column is-layout-flow wp-block-column-is-layout-flow\">\n<figure class=\"wp-block-image size-full\"><img loading=\"lazy\" decoding=\"async\" width=\"795\" height=\"570\" src=\"https:\/\/urkonpvc.com.tr\/wp-content\/uploads\/2023\/10\/Ekran-goruntusu-2023-10-27-170301.png\" alt=\"\" class=\"wp-image-177\" srcset=\"https:\/\/urkonpvc.com.tr\/wp-content\/uploads\/2023\/10\/Ekran-goruntusu-2023-10-27-170301.png 795w, https:\/\/urkonpvc.com.tr\/wp-content\/uploads\/2023\/10\/Ekran-goruntusu-2023-10-27-170301-300x215.png 300w, https:\/\/urkonpvc.com.tr\/wp-content\/uploads\/2023\/10\/Ekran-goruntusu-2023-10-27-170301-768x551.png 768w\" sizes=\"(max-width: 795px) 100vw, 795px\" \/><\/figure>\n\n\n\n<ul>\n<li>Is\u0131 yal\u0131t\u0131m\u0131na ve yo\u011fu\u015fmaya kar\u015f\u0131 y\u00fcksek diren\u00e7li m\u00fckemmel bir \u00e7\u00f6z\u00fcm alternatifidir.<\/li>\n\n\n\n<li>Geni\u015f y\u00fczeylerde ve yap\u0131 formlar\u0131na g\u00f6re uygulama kolayl\u0131\u011f\u0131 sa\u011flar.<\/li>\n\n\n\n<li>Estetik ve dayan\u0131kl\u0131 dekoratif \u00fcr\u00fcnlerdir.<\/li>\n<\/ul>\n<\/div>\n\n\n\n<div class=\"wp-block-column is-layout-flow wp-block-column-is-layout-flow\">\n<p style=\"font-size:14px\"><br><strong>150 &#8211; 200 &#8211; 250 &#8211; 300 &#8211; 350 &#8211; 400 &#8211; 450 &#8211; 600mm olarak tek par\u00e7a ya da par\u00e7al\u0131 olarak kullan\u0131labilir ve mermer denizli\u011fe alternatiftir.<\/strong><\/p>\n\n\n\n<figure class=\"wp-block-image size-full\"><img loading=\"lazy\" decoding=\"async\" width=\"746\" height=\"576\" src=\"https:\/\/urkonpvc.com.tr\/wp-content\/uploads\/2023\/10\/Ekran-goruntusu-2023-10-27-170412.png\" alt=\"\" class=\"wp-image-178\" srcset=\"https:\/\/urkonpvc.com.tr\/wp-content\/uploads\/2023\/10\/Ekran-goruntusu-2023-10-27-170412.png 746w, https:\/\/urkonpvc.com.tr\/wp-content\/uploads\/2023\/10\/Ekran-goruntusu-2023-10-27-170412-300x232.png 300w\" sizes=\"(max-width: 746px) 100vw, 746px\" \/><\/figure>\n<\/div>\n<\/div>\n","protected":false},"excerpt":{"rendered":"<p>Denizlik Profilleri 150 &#8211; 200 &#8211; 250 &#8211; 300 &#8211; 350 &#8211; 400 &#8211; 450 [&hellip;]<\/p>\n","protected":false},"author":1,"featured_media":0,"parent":0,"menu_order":0,"comment_status":"closed","ping_status":"closed","template":"","meta":{"om_disable_all_campaigns":false,"_monsterinsights_skip_tracking":false,"_monsterinsights_sitenote_active":false,"_monsterinsights_sitenote_note":"","_monsterinsights_sitenote_category":0,"footnotes":""},"aioseo_notices":[],"_links":{"self":[{"href":"https:\/\/urkonpvc.com.tr\/index.php?rest_route=\/wp\/v2\/pages\/163"}],"collection":[{"href":"https:\/\/urkonpvc.com.tr\/index.php?rest_route=\/wp\/v2\/pages"}],"about":[{"href":"https:\/\/urkonpvc.com.tr\/index.php?rest_route=\/wp\/v2\/types\/page"}],"author":[{"embeddable":true,"href":"https:\/\/urkonpvc.com.tr\/index.php?rest_route=\/wp\/v2\/users\/1"}],"replies":[{"embeddable":true,"href":"https:\/\/urkonpvc.com.tr\/index.php?rest_route=%2Fwp%2Fv2%2Fcomments&post=163"}],"version-history":[{"count":3,"href":"https:\/\/urkonpvc.com.tr\/index.php?rest_route=\/wp\/v2\/pages\/163\/revisions"}],"predecessor-version":[{"id":185,"href":"https:\/\/urkonpvc.com.tr\/index.php?rest_route=\/wp\/v2\/pages\/163\/revisions\/185"}],"wp:attachment":[{"href":"https:\/\/urkonpvc.com.tr\/index.php?rest_route=%2Fwp%2Fv2%2Fmedia&parent=163"}],"curies":[{"name":"wp","href":"https:\/\/api.w.org\/{rel}","templated":true}]}}